{"id":817,"date":"2024-03-23T13:35:42","date_gmt":"2024-03-23T13:35:42","guid":{"rendered":"https:\/\/bvic.global\/?page_id=817"},"modified":"2024-07-26T10:02:07","modified_gmt":"2024-07-26T10:02:07","slug":"suscribete","status":"publish","type":"page","link":"https:\/\/bvic.global\/eu\/suscribete\/","title":{"rendered":"Harpidetu"},"content":{"rendered":"<div data-elementor-type=\"wp-page\" data-elementor-id=\"817\" class=\"elementor elementor-817\" data-elementor-post-type=\"page\">\n\t\t\t\t\t\t\t<div class=\"elementor-element elementor-element-1a029b99 e-flex e-con-boxed e-con\" data-id=\"1a029b99\" data-element_type=\"container\" data-settings=\"{&quot;background_background&quot;:&quot;gradient&quot;,&quot;content_width&quot;:&quot;boxed&quot;}\">\n\t\t\t\t\t<div class=\"e-con-inner\">\n\t\t\t\t<div class=\"elementor-element elementor-element-71c5e1ec elementor-view-default elementor-invisible elementor-widget elementor-widget-icon\" data-id=\"71c5e1ec\" data-element_type=\"widget\" data-settings=\"{&quot;_animation&quot;:&quot;fadeInLeft&quot;}\" data-widget_type=\"icon.default\">\n\t\t\t\t<div class=\"elementor-widget-container\">\n\t\t\t\t\t<div class=\"elementor-icon-wrapper\">\n\t\t\t<div class=\"elementor-icon\">\n\t\t\t\t\t\t<\/div>\n\t\t<\/div>\n\t\t\t\t<\/div>\n\t\t\t\t<\/div>\n\t\t<div class=\"elementor-element elementor-element-42045f8e e-con-full e-flex e-con\" data-id=\"42045f8e\" data-element_type=\"container\" data-settings=\"{&quot;content_width&quot;:&quot;full&quot;}\">\n\t\t\t\t<div class=\"elementor-element elementor-element-6a2eb608 elementor-widget elementor-widget-heading\" data-id=\"6a2eb608\" data-element_type=\"widget\" data-widget_type=\"heading.default\">\n\t\t\t\t<div class=\"elementor-widget-container\">\n\t\t\t<style>\/*! elementor - v3.15.0 - 20-08-2023 *\/\n.elementor-heading-title{padding:0;margin:0;line-height:1}.elementor-widget-heading .elementor-heading-title[class*=elementor-size-]>a{color:inherit;font-size:inherit;line-height:inherit}.elementor-widget-heading .elementor-heading-title.elementor-size-small{font-size:15px}.elementor-widget-heading .elementor-heading-title.elementor-size-medium{font-size:19px}.elementor-widget-heading .elementor-heading-title.elementor-size-large{font-size:29px}.elementor-widget-heading .elementor-heading-title.elementor-size-xl{font-size:39px}.elementor-widget-heading .elementor-heading-title.elementor-size-xxl{font-size:59px}<\/style><h2 class=\"elementor-heading-title elementor-size-default\">Harpidetu doan helbidean  <span class=\"bvic\">b<em>vi<\/em>c<\/span>\n<\/h2>\t\t<\/div>\n\t\t\t\t<\/div>\n\t\t\t\t<div class=\"elementor-element elementor-element-3217a58a elementor-tablet-button-align-stretch elementor-button-align-stretch elementor-widget elementor-widget-form\" data-id=\"3217a58a\" data-element_type=\"widget\" data-settings=\"{&quot;step_next_label&quot;:&quot;Next&quot;,&quot;step_previous_label&quot;:&quot;Previous&quot;,&quot;button_width&quot;:&quot;20&quot;,&quot;button_width_tablet&quot;:&quot;100&quot;,&quot;step_type&quot;:&quot;number_text&quot;,&quot;step_icon_shape&quot;:&quot;circle&quot;}\" data-widget_type=\"form.default\">\n\t\t\t\t<div class=\"elementor-widget-container\">\n\t\t\t<style>\/*! elementor-pro - v3.15.0 - 09-08-2023 *\/\n.elementor-button.elementor-hidden,.elementor-hidden{display:none}.e-form__step{width:100%}.e-form__step:not(.elementor-hidden){display:flex;flex-wrap:wrap}.e-form__buttons{flex-wrap:wrap}.e-form__buttons,.e-form__buttons__wrapper{display:flex}.e-form__indicators{display:flex;justify-content:space-between;align-items:center;flex-wrap:nowrap;font-size:13px;margin-bottom:var(--e-form-steps-indicators-spacing)}.e-form__indicators__indicator{display:flex;flex-direction:column;align-items:center;justify-content:center;flex-basis:0;padding:0 var(--e-form-steps-divider-gap)}.e-form__indicators__indicator__progress{width:100%;position:relative;background-color:var(--e-form-steps-indicator-progress-background-color);border-radius:var(--e-form-steps-indicator-progress-border-radius);overflow:hidden}.e-form__indicators__indicator__progress__meter{width:var(--e-form-steps-indicator-progress-meter-width,0);height:var(--e-form-steps-indicator-progress-height);line-height:var(--e-form-steps-indicator-progress-height);padding-right:15px;border-radius:var(--e-form-steps-indicator-progress-border-radius);background-color:var(--e-form-steps-indicator-progress-color);color:var(--e-form-steps-indicator-progress-meter-color);text-align:right;transition:width .1s linear}.e-form__indicators__indicator:first-child{padding-left:0}.e-form__indicators__indicator:last-child{padding-right:0}.e-form__indicators__indicator--state-inactive{color:var(--e-form-steps-indicator-inactive-primary-color,#c2cbd2)}.e-form__indicators__indicator--state-inactive [class*=indicator--shape-]:not(.e-form__indicators__indicator--shape-none){background-color:var(--e-form-steps-indicator-inactive-secondary-color,#fff)}.e-form__indicators__indicator--state-inactive object,.e-form__indicators__indicator--state-inactive svg{fill:var(--e-form-steps-indicator-inactive-primary-color,#c2cbd2)}.e-form__indicators__indicator--state-active{color:var(--e-form-steps-indicator-active-primary-color,#39b54a);border-color:var(--e-form-steps-indicator-active-secondary-color,#fff)}.e-form__indicators__indicator--state-active [class*=indicator--shape-]:not(.e-form__indicators__indicator--shape-none){background-color:var(--e-form-steps-indicator-active-secondary-color,#fff)}.e-form__indicators__indicator--state-active object,.e-form__indicators__indicator--state-active svg{fill:var(--e-form-steps-indicator-active-primary-color,#39b54a)}.e-form__indicators__indicator--state-completed{color:var(--e-form-steps-indicator-completed-secondary-color,#fff)}.e-form__indicators__indicator--state-completed [class*=indicator--shape-]:not(.e-form__indicators__indicator--shape-none){background-color:var(--e-form-steps-indicator-completed-primary-color,#39b54a)}.e-form__indicators__indicator--state-completed .e-form__indicators__indicator__label{color:var(--e-form-steps-indicator-completed-primary-color,#39b54a)}.e-form__indicators__indicator--state-completed .e-form__indicators__indicator--shape-none{color:var(--e-form-steps-indicator-completed-primary-color,#39b54a);background-color:initial}.e-form__indicators__indicator--state-completed object,.e-form__indicators__indicator--state-completed svg{fill:var(--e-form-steps-indicator-completed-secondary-color,#fff)}.e-form__indicators__indicator__icon{width:var(--e-form-steps-indicator-padding,30px);height:var(--e-form-steps-indicator-padding,30px);font-size:var(--e-form-steps-indicator-icon-size);border-width:1px;border-style:solid;display:flex;justify-content:center;align-items:center;overflow:hidden;margin-bottom:10px}.e-form__indicators__indicator__icon img,.e-form__indicators__indicator__icon object,.e-form__indicators__indicator__icon svg{width:var(--e-form-steps-indicator-icon-size);height:auto}.e-form__indicators__indicator__icon .e-font-icon-svg{height:1em}.e-form__indicators__indicator__number{width:var(--e-form-steps-indicator-padding,30px);height:var(--e-form-steps-indicator-padding,30px);border-width:1px;border-style:solid;display:flex;justify-content:center;align-items:center;margin-bottom:10px}.e-form__indicators__indicator--shape-circle{border-radius:50%}.e-form__indicators__indicator--shape-square{border-radius:0}.e-form__indicators__indicator--shape-rounded{border-radius:5px}.e-form__indicators__indicator--shape-none{border:0}.e-form__indicators__indicator__label{text-align:center}.e-form__indicators__indicator__separator{width:100%;height:var(--e-form-steps-divider-width);background-color:#babfc5}.e-form__indicators--type-icon,.e-form__indicators--type-icon_text,.e-form__indicators--type-number,.e-form__indicators--type-number_text{align-items:flex-start}.e-form__indicators--type-icon .e-form__indicators__indicator__separator,.e-form__indicators--type-icon_text .e-form__indicators__indicator__separator,.e-form__indicators--type-number .e-form__indicators__indicator__separator,.e-form__indicators--type-number_text .e-form__indicators__indicator__separator{margin-top:calc(var(--e-form-steps-indicator-padding, 30px) \/ 2 - var(--e-form-steps-divider-width, 1px) \/ 2)}.elementor-field-type-hidden{display:none}.elementor-field-type-html{display:inline-block}.elementor-login .elementor-lost-password,.elementor-login .elementor-remember-me{font-size:.85em}.elementor-field-type-recaptcha_v3 .elementor-field-label{display:none}.elementor-field-type-recaptcha_v3 .grecaptcha-badge{z-index:1}.elementor-button .elementor-form-spinner{order:3}.elementor-form .elementor-button>span{display:flex;justify-content:center;align-items:center}.elementor-form .elementor-button .elementor-button-text{white-space:normal;flex-grow:0}.elementor-form .elementor-button svg{height:auto}.elementor-form .elementor-button .e-font-icon-svg{height:1em}.elementor-select-wrapper .select-caret-down-wrapper{position:absolute;top:50%;transform:translateY(-50%);inset-inline-end:10px;pointer-events:none;font-size:11px}.elementor-select-wrapper .select-caret-down-wrapper svg{display:unset;width:1em;aspect-ratio:unset;fill:currentColor}.elementor-select-wrapper .select-caret-down-wrapper i{font-size:19px;line-height:2}.elementor-select-wrapper.remove-before:before{content:\"\"!important}<\/style>\t\t<form class=\"elementor-form\" method=\"post\" name=\"Subscribe\" action=\"\">\n\t\t\t<input type=\"hidden\" name=\"post_id\" value=\"817\"\/>\n\t\t\t<input type=\"hidden\" name=\"form_id\" value=\"3217a58a\"\/>\n\t\t\t<input type=\"hidden\" name=\"referer_title\" value=\"\" \/>\n\n\t\t\t\n\t\t\t<div class=\"elementor-form-fields-wrapper elementor-labels-\">\n\t\t\t\t\t\t\t\t<div class=\"elementor-field-type-text elementor-field-group elementor-column elementor-field-group-email elementor-col-40 elementor-md-50 elementor-field-required\">\n\t\t\t\t\t\t\t\t\t\t\t\t<label for=\"form-field-email\" class=\"elementor-field-label elementor-screen-only\">\n\t\t\t\t\t\t\t\tIzena\t\t\t\t\t\t\t<\/label>\n\t\t\t\t\t\t\t\t\t\t\t\t\t\t<input size=\"1\" type=\"text\" name=\"form_fields[email]\" id=\"form-field-email\" class=\"elementor-field elementor-size-sm  elementor-field-textual\" placeholder=\"izena\" required=\"required\" aria-required=\"true\">\n\t\t\t\t\t\t\t\t\t\t\t<\/div>\n\t\t\t\t\t\t\t\t<div class=\"elementor-field-type-email elementor-field-group elementor-column elementor-field-group-field_93b5660 elementor-col-40 elementor-md-50 elementor-field-required\">\n\t\t\t\t\t\t\t\t\t\t\t\t<label for=\"form-field-field_93b5660\" class=\"elementor-field-label elementor-screen-only\">\n\t\t\t\t\t\t\t\tHelbide elektronikoa*\t\t\t\t\t\t\t<\/label>\n\t\t\t\t\t\t\t\t\t\t\t\t\t\t<input size=\"1\" type=\"email\" name=\"form_fields[field_93b5660]\" id=\"form-field-field_93b5660\" class=\"elementor-field elementor-size-sm  elementor-field-textual\" placeholder=\"Helbide elektronikoa*\" required=\"required\" aria-required=\"true\">\n\t\t\t\t\t\t\t\t\t\t\t<\/div>\n\t\t\t\t\t\t\t\t<div class=\"elementor-field-group elementor-column elementor-field-type-submit elementor-col-20 e-form__buttons elementor-md-100\">\n\t\t\t\t\t<button type=\"submit\" class=\"elementor-button elementor-size-sm elementor-animation-grow\">\n\t\t\t\t\t\t<span >\n\t\t\t\t\t\t\t\t\t\t\t\t\t\t\t<span class=\"elementor-button-icon\">\n\t\t\t\t\t\t\t\t\t\t\t\t\t\t\t\t\t\t\t\t\t\t\t\t\t\t<\/span>\n\t\t\t\t\t\t\t\t\t\t\t\t\t\t\t\t\t\t\t\t\t\t<span class=\"elementor-button-text\">Harpidetu<\/span>\n\t\t\t\t\t\t\t\t\t\t\t\t\t<\/span>\n\t\t\t\t\t<\/button>\n\t\t\t\t<\/div>\n\t\t\t<\/div>\n\t\t<input type=\"hidden\" name=\"trp-form-language\" value=\"eu\"\/><\/form>\n\t\t\t\t<\/div>\n\t\t\t\t<\/div>\n\t\t\t\t<\/div>\n\t\t\t\t<div class=\"elementor-element elementor-element-3c95eaae elementor-view-default elementor-invisible elementor-widget elementor-widget-icon\" data-id=\"3c95eaae\" data-element_type=\"widget\" data-settings=\"{&quot;_animation&quot;:&quot;fadeInDown&quot;}\" data-widget_type=\"icon.default\">\n\t\t\t\t<div class=\"elementor-widget-container\">\n\t\t\t\t\t<div class=\"elementor-icon-wrapper\">\n\t\t\t<div class=\"elementor-icon\">\n\t\t\t\t\t\t<\/div>\n\t\t<\/div>\n\t\t\t\t<\/div>\n\t\t\t\t<\/div>\n\t\t\t\t\t<\/div>\n\t\t\t\t<\/div>\n\t\t<div class=\"elementor-element elementor-element-61dc9ae e-flex e-con-boxed e-con\" data-id=\"61dc9ae\" data-element_type=\"container\" data-settings=\"{&quot;content_width&quot;:&quot;boxed&quot;}\">\n\t\t\t\t\t<div class=\"e-con-inner\">\n\t\t\t\t<div class=\"elementor-element elementor-element-971e00f elementor-widget elementor-widget-heading\" data-id=\"971e00f\" data-element_type=\"widget\" data-widget_type=\"heading.default\">\n\t\t\t\t<div class=\"elementor-widget-container\">\n\t\t\t<h2 class=\"elementor-heading-title elementor-size-default\">Pribatutasun-politika<\/h2>\t\t<\/div>\n\t\t\t\t<\/div>\n\t\t\t\t<div class=\"elementor-element elementor-element-ee03933 elementor-widget elementor-widget-heading\" data-id=\"ee03933\" data-element_type=\"widget\" data-widget_type=\"heading.default\">\n\t\t\t\t<div class=\"elementor-widget-container\">\n\t\t\t<h2 class=\"elementor-heading-title elementor-size-default\">1.- Arduraduna eta deskribapena<br>\n<br>\n1.1.- Arduraduna<br>\nGune honen tratamenduaren arduraduna LIQUIDDINAMIK SL da (aurrerantzean Enpresa),<br>\nZumalakarregi etorbidea 1. 1. solairua. 20008 Donostia \/ San Sebasti\u00e1n. Gipuzkoa. <br>\nIFZ: B75144253. Posta elektronikoa: info@bvic.global\n<br>\n<br>\n1.2.- Deskribapena<br>\nKonpainiaren pribatutasun-politika onartzea (aurrerantzean &quot;Pribatutasun politika&quot;) ezinbesteko baldintza da gure webgunea erabiltzeko (aurrerantzean &quot;Zerbitzua&quot;). Pribatutasun Politika honek www.bvic.global.es webgunearen erabiltzaile gisa zure informazio pertsonala eta ez-pertsonala biltzea, tratatzea eta erabiltzea arautzen du, goiburuan agertzen den indarrean dagoen egunetik aurrera. Zure datu pertsonalak prozesatzeko, Enpresak indarrean dagoen tokiko eta Europako legedia betetzen du, baita bere garapen-araudia ere. <br>\n<br>\n2.- Bildutako informazioa <br>\n<br>\nGure webgunean sartzen zarenean automatikoki biltzen dugu gure webgunea nola erabiltzen duzun eta zein orrialde interesatzen zaizun ulertzen laguntzen digun informazioa. Horretarako, bildutako informazioa honako hau da: Zure gailuan gordetako cookieen edo antzeko mekanismoen bidez jasotakoa, beti ere zure baimenarekin edo beste legezko oinarri batzuen arabera. Informazio gehiagorako kontsultatu gure Cookieen Politika. Konexioa egiten den IPa, erabilitako gailu mota eta haren ezaugarriak, sistema eragilearen bertsioa, arakatzaile mota, hizkuntza, data, herrialdea, eskaeraren ordua, zein URL-tik abiatuta. etorritakoa, joaten zaren URLa edo erabilitako sare mugikorra, besteak beste.<br>\nZerbitzuaren erabilera datuak eta erabileran zehar detektatu daitezkeen akatsak. <br>\nHorrez gain, Konpainiak Google Analytics erabiltzen du, Estatu Batuetan egoitza duen Google, Inc.-k eskaintzen duen analisi-zerbitzu bat, egoitza nagusia 1600 Amphitheatre Parkway, Mountain View, California 94043. Zerbitzu hauek emateko, informazioa biltzen duten cookieak erabiltzen dituzte, besteak beste. erabiltzailearen IP helbidea, Google-k www.google.com webgunean ezarritako baldintzetan transmititu, tratatu eta gordeko duena. Informazio hori hirugarrenei transmititu ahal izatea lege-eskakizunen arrazoiengatik edo hirugarren horiek Google-ren izenean informazioa prozesatzen dutenean barne. Harremanetarako formularioa: kasu honetan helbide elektroniko bat eta izen bat eskatzen ditugu eta informazio hori zure kontsulta konpontzeko soilik erabiliko dugu. Buletin-zerbitzua: Mailchimp kontuan integratuko den zure helbide elektronikoa emango diguzu eta honekin LIQUIDDINAMIK SLn egiten dugunaren berri izan gaitezen.<br>\n<br>\n3.- Eskubideak eta helburuak<br>\n<br>\nJakinarazten dizugu inprimakiak eta buletina betetzea borondatezkoa dela. Ematen dizkiguzun datu pertsonalak, besteak beste, Enpresaren jabetzako Prozesamendu Jardueren Erregistroan txertatuta daude eta tratatuko dira, zure eskaerei erantzun ahal izateko, eskatutako zerbitzua eskaintzeko eta gaiei buruzko gaien berri emateko. Enpresaren jarduera eta bere zerbitzuak. Edozein unetan erabil ditzakezu zure datu pertsonalak atzitzeko, zuzentzeko, ezabatzeko, tratamendua mugatzeko, aurka egiteko eta eramangarri izateko eskubideak helbide elektronikora bidalita: info@bvic.global edo posta helbidea: Camino de Illarra 109. 20018 Donostia \/ Donostia. Gipuzkoa. Bi kasuetan zure izen-abizenarekin eta eman diguzun posta elektronikoko kontuarekin identifikatu behar zara. Helburu zehatz baterako baimena eman baduzu, baimena edozein unetan kentzeko eskubidea duzu, erretiratu aurreko baimenean oinarritutako tratamenduaren legezkotasunari eragin gabe. Gainera, Konpainiak zure datuak kudeatzeko moduarekin arazoren bat dagoela uste baduzu, zure kexak dagokion datuak babesteko agintaritzara bideratu ditzakezu, Datuak Babesteko Espainiako Agentzia Espainiaren kasuan adierazitakoa izanik. Bi kasuetan zure izen-abizenarekin eta eman diguzun posta elektronikoko kontuarekin identifikatu behar zara. Helburu zehatz baterako baimena eman baduzu, baimena edozein unetan kentzeko eskubidea duzu, erretiratu aurreko baimenean oinarritutako tratamenduaren legezkotasunari eragin gabe. Gainera, Konpainiak zure datuak kudeatzeko moduarekin arazoren bat dagoela uste baduzu, zure kexak dagokion datuak babesteko agintaritzara bideratu ditzakezu, Datuak Babesteko Espainiako Agentzia Espainiaren kasuan adierazitakoa izanik.<br>\n<br>\n4.- Adina\n<br>\nLineako zerbitzuaren erabilerari dagokionez, adinez nagusi zarela eta hitzarmen honi lotu eta webgunea bere baldintzen arabera erabiltzeko beharrezko legezko gaitasuna duzula adierazten duzu, guztiz ulertzen eta aitortzen dituzunean. Zerbitzura sartzeko ematen duzun informazio guztia, erabili aurretik eta bitartean, egiazkoa, osoa eta zehatza dela adierazten duzu.\n<br>\n<br>\n5.- Datuen erabilera\n<br>\n<br>\nEnpresak bildutako datuak honako hauek egiteko erabiliko ditu: Zerbitzua kudeatu, eskaintzeko eta eguneratzeko (oinarri juridikoa kontratua izanik). Konpondu planteatzen dituzun arazoei (oinarri juridikoa gure erabiltzaileen eskaerei erantzuteko gure interes legitimoa izanik). Prozesatu egiten dituzun ordainketak (oinarri juridikoa kontratua izanik). Bidali gure buletina posta elektronikoz (oinarri juridikoa zure baimena edo aurreko kontratu-harremanean oinarritutako gure interes legitimoa da, hala badagokio).<br>\n<br>\nHarpidetza kendu dezakezu jasotako mezu elektronikotik edo gurekin harremanetan jarriz info@bvic helbide elektronikoan. globala. Era berean, Enpresak erabiltzaileen informazioa erabili ahal izango du datu agregatu eta anonimo moduan hirugarrenei erakusteko. Erabiltzaileei eta Zerbitzuaren erabilerari buruzko estatistikak eta informazio demografikoa ere parteka ditzakezu hirugarrenekin. Baina honek ez du hirugarren pertsona horiek pertsonalki identifikatzea ahalbidetuko.\n<br>\n<br>\n6.- Posta elektronikoetan eta harremanetarako formularioetan <br>\n<br>\nSite Service webguneak SSL enkriptatzea du, erabiltzaileek euren datu pertsonalak modu seguruan bidaltzeko harremanetarako formulario estandarren bidez. Jasotako datu pertsonalak automatizatutako tratamendua izango dira eta dagozkien fitxategietan sartuko dira tratamendu jardueren erregistroan eta Sozietatea titularra den. Zentzu horretan: Zure IP jasoko dugu, mezuaren jatorria egiaztatzeko erabiliko dena, gomendio egokiak eskaintzeko (adibidez, informazioa hizkuntza egokian aurkeztea) eta egon daitezkeen irregulartasunak detektatzeko (adibidez, posibleak). Zerbitzuaren aurkako zibereraso saiakerak, baita zure ISParekin lotutako datuak ere. Era berean, telefonoz, posta elektronikoz eta adierazitako beste komunikazio-bide batzuen bidez eman dizkiguzu zure datuak.<br>\n<br>\n7.- Sare sozialetan <br>\n<br>\nKonpainiak profilak ditu sare sozial nagusi batzuetan, eta haietan argitaratutako datuen tratamenduaren arduraduna da (adibidez, The Company-k igotako argazkiak, zeinetan jendearen aurpegiak agertzen diren). Enpresak aipatutako sare bakoitzaren barruan datuekin egingo duen tratamendua, gehienez ere, sare sozialak profil korporatiboetarako ahalbidetzen duena izango da. Horrela, Konpainiak, legeak debekatzen ez duenean, gure jarraitzaileei jakinarazi ahal izango die sare sozialak bere produktu edo eskaintzak ahalbidetzen duen edozein bideren bidez, baita bezeroarentzako arreta pertsonalizatua eskaini ere. Enpresak ez du inola ere sare sozialetatik datuak aterako, salbu eta berehala eta berariaz erabiltzailearen baimena lortzen ez bada.\n<br>\n<br>\n8.- Datuen kontserbazioa<br>\n<br>\nJarraian, Zerbitzuak prozesatutako datuak zenbat denboran gordetzen diren adierazten da: Banatutako datuak ezabatzeko eperik gabe gordeko dira. Bezeroaren datuak beharrezko gutxieneko denboran gordeko dira, eta gehienez ere gorde ahal izango dira: 5 urte, art. Kode Zibilaren 1964 (epe berezirik gabeko ekintza pertsonalak). 6 urte, art. Merkataritza Kodeko 30 (kontabilitate liburuak edo fakturak, adibidez). Buletinerako harpidedunen datuak gordeko dira erabiltzailea harpidetzen den unetik harpidetza kentzen duen arte. Konpainiak bere sare sozialetara kargatzen dituen erabiltzailearen datuak erabiltzaileak baimena ematen duen unetik gordeko dira, edo datuak Konpainiaren interes legitimoaren arabera igotzen direnetik, erretiratu arte.<br>\n<br>\n9.- Hirugarrenekin partekatutako datuak<br>\n<br>\nHirugarrenak daude Zerbitzuaren zati bat kudeatzen dutenak. Konpainiak Pribatutasun Politika hau aplikatzen zaien neurrian betetzea eskatzen die, eurena izateaz gain. Hala ere, Enpresa ez da aipatutako politika betetzearen erantzule izango. Zenbait kasutan, Konpainiak hirugarrenekin bildutako informazio pertsonala partekatu, erabili edo gorde dezake: Zerbitzua eskaintzeko: gure izenean funtzioak betetzen dituzten zerbitzu-hornitzaileak, hala nola web-ostatua. Zerbitzu-hornitzaile hauek informazioa bildu eta eskura izan dezakete beren funtzioak betetzeko, baina ezin dute informazioa partekatu edo erabili beste helburuetarako. Autoritate eskudunekin lankidetzan aritzeko:<br>\na) Munduko edozein lekutan lege, prozesu juridiko edo interes legitimoa betetzeko arrazoiz beharrezkoa dela uste badugu. Nolanahi ere, behar den informazioa soilik emango dugu.<br>\nb) Ekintza hau Enpresaren baldintzak betearazteko egokia dela uste badugu.<br>\nc) Enpresaren, hornitzaileen eta erabiltzaileen segurtasunarekin lotutako iruzurrak edo arazoak antzematea edo prebenitzea beharrezkoa bada. <br>\n<br>\n10.- Segurtasun neurriak\n<br>\n<br>\nEnpresak beharrezko neurri tekniko eta antolakuntza guztiak hartzen ditu bildutako informazio pertsonalaren eta ez-pertsonalaren segurtasuna eta osotasuna babesteko. Bai baimenik gabeko sarbidearen aurka, bai ustekabean aldatzea, galtzea edo suntsitzea. Nolanahi ere, Enpresak ezin du bermatu bildutako informazioaren erabateko segurtasuna, beraz, elkarlanean aritu eta zentzua erabili behar duzu uneoro partekatutako informazioari dagokionez. Ulertzen eta onartzen duzu, ezabatu ondoren ere, informazio pertsonala eta ez-pertsonala ikusgai egon daitekeela cachean edo beste erabiltzaile batzuek kopiatzen edo gordetzen badute. <br>\n<br>\n11.- Pribatutasun Politikan aldaketak<br>\n<br>\nBaliteke etorkizunean Pribatutasun-politika hau eguneratzea. Aldaketen berri emango dizugu jakinarazpen bat bidaliz emandako helbide elektronikora eta\/edo ohar bat gure webguneko leku nabarmen batean jarriz.\n<br>\n<br>\n12.- Harremanetarako\n<br>\n<br>\nPribatutasun politika honi buruzko galderarik baduzu, jarri gurekin harremanetan helbide honetara:<br>\nPosta elektronikoa: info@bvic.global <br>\nHelbidea: Zumalakarregi etorbidea 1. 1. solairua. 20008 Donostia \/ San Sebasti\u00e1n. Gipuzkoa.<\/h2>\t\t<\/div>\n\t\t\t\t<\/div>\n\t\t\t\t\t<\/div>\n\t\t\t\t<\/div>\n\t\t<div class=\"elementor-element elementor-element-5d0791b e-flex e-con-boxed e-con\" data-id=\"5d0791b\" data-element_type=\"container\" data-settings=\"{&quot;content_width&quot;:&quot;boxed&quot;}\">\n\t\t\t\t\t<div class=\"e-con-inner\">\n\t\t<div class=\"elementor-element elementor-element-9860f01 e-flex e-con-boxed e-con\" data-id=\"9860f01\" data-element_type=\"container\" data-settings=\"{&quot;content_width&quot;:&quot;boxed&quot;}\">\n\t\t\t\t\t<div class=\"e-con-inner\">\n\t\t\t\t<div class=\"elementor-element elementor-element-f90a275 elementor-widget elementor-widget-heading\" data-id=\"f90a275\" data-element_type=\"widget\" data-widget_type=\"heading.default\">\n\t\t\t\t<div class=\"elementor-widget-container\">\n\t\t\t<h2 class=\"elementor-heading-title elementor-size-default\"><span style=\"color: rgb(34, 34, 34); font-family: &quot;PT Sans&quot;; font-size: 15px; font-style: normal; font-variant-ligatures: normal; font-variant-caps: normal; font-weight: 400; text-align: start; white-space-collapse: collapse; background-color: rgb(255, 255, 255);\">&nbsp;<\/span><br><br><br><br><span style=\"color: rgb(34, 34, 34); font-family: &quot;PT Sans&quot;; font-size: 15px; font-style: normal; font-variant-ligatures: normal; font-variant-caps: normal; font-weight: 400; text-align: start; white-space-collapse: collapse; background-color: rgb(255, 255, 255);\">\u00a9<\/span> berrikuntza-zentro birtual bio \/ Marca registrada del centro de innovaci\u00f3n virtual del Pa\u00eds Vasco. <span><em>likidoDinamik<\/em><\/span> s.l. <br><br><span style=\"color: rgb(34, 34, 34); font-family: &quot;PT Sans&quot;; font-size: 15px; font-style: normal; font-variant-ligatures: normal; font-variant-caps: normal; font-weight: 400; text-align: start; white-space-collapse: collapse; background-color: rgb(255, 255, 255);\">&nbsp;\u00a9<\/span> VR aplikazioak, 3D bideoak eta testuak. <span><em>likidoDinamik<\/em><\/span> sl 2024, eta bere egileak.\n\n<\/h2>\t\t<\/div>\n\t\t\t\t<\/div>\n\t\t\t\t\t<\/div>\n\t\t\t\t<\/div>\n\t\t\t\t\t<\/div>\n\t\t\t\t<\/div>\n\t\t\t\t\t\t\t<\/div>","protected":false},"excerpt":{"rendered":"<p>Suscr\u00edbete gratuitamente en bvic Pol\u00edtica de privacidad 1.- Responsable y descripci\u00f3n 1.1.- Responsable El responsable del tratamiento de este sitio es LIQUIDDINAMIK S.L. (en adelante La Empresa), Avenida de Zumalakarregi 1. Piso 1. 20008 Donostia \/ San Sebasti\u00e1n. Gipuzkoa. NIF: B75144253. Correo electr\u00f3nico: info@bvic.global 1.2.- Descripci\u00f3n La aceptaci\u00f3n de la pol\u00edtica de privacidad de La [&hellip;]<\/p>","protected":false},"author":1,"featured_media":0,"parent":0,"menu_order":0,"comment_status":"closed","ping_status":"closed","template":"","meta":{"_acf_changed":false,"footnotes":""},"class_list":["post-817","page","type-page","status-publish","hentry"],"acf":[],"_links":{"self":[{"href":"https:\/\/bvic.global\/eu\/wp-json\/wp\/v2\/pages\/817","targetHints":{"allow":["GET"]}}],"collection":[{"href":"https:\/\/bvic.global\/eu\/wp-json\/wp\/v2\/pages"}],"about":[{"href":"https:\/\/bvic.global\/eu\/wp-json\/wp\/v2\/types\/page"}],"author":[{"embeddable":true,"href":"https:\/\/bvic.global\/eu\/wp-json\/wp\/v2\/users\/1"}],"replies":[{"embeddable":true,"href":"https:\/\/bvic.global\/eu\/wp-json\/wp\/v2\/comments?post=817"}],"version-history":[{"count":0,"href":"https:\/\/bvic.global\/eu\/wp-json\/wp\/v2\/pages\/817\/revisions"}],"wp:attachment":[{"href":"https:\/\/bvic.global\/eu\/wp-json\/wp\/v2\/media?parent=817"}],"curies":[{"name":"wp","href":"https:\/\/api.w.org\/{rel}","templated":true}]}}